{"id":4892,"date":"2023-09-09T10:11:26","date_gmt":"2023-09-09T09:11:26","guid":{"rendered":"https:\/\/shop.dolchvitrine.de\/?post_type=product&#038;p=4892"},"modified":"2023-09-10T11:52:16","modified_gmt":"2023-09-10T10:52:16","slug":"traditionsabzeichen-der-jaegerschaft-versilbert","status":"publish","type":"product","link":"https:\/\/shop.dolchvitrine.de\/en\/product\/traditionsabzeichen-der-jaegerschaft-versilbert\/","title":{"rendered":"Traditionsabzeichen der J\u00e4gerschaft versilbert"},"content":{"rendered":"<p>[et_pb_section fb_built=&#8220;1&#8243; _builder_version=&#8220;4.16&#8243; custom_padding=&#8220;0px||||false|false&#8220; global_colors_info=&#8220;{}&#8220;][et_pb_row _builder_version=&#8220;4.16&#8243; background_size=&#8220;initial&#8220; background_position=&#8220;top_left&#8220; background_repeat=&#8220;repeat&#8220; width=&#8220;100%&#8220; custom_padding=&#8220;0px||0px||false|false&#8220; global_colors_info=&#8220;{}&#8220;][et_pb_column type=&#8220;4_4&#8243; _builder_version=&#8220;4.16&#8243; custom_padding=&#8220;|||&#8220; global_colors_info=&#8220;{}&#8220; custom_padding__hover=&#8220;|||&#8220;][et_pb_wc_cart_notice _builder_version=&#8220;4.20.4&#8243; title_font=&#8220;|600|||||||&#8220; title_text_color=&#8220;gcid-93b403b1-bc5c-4f23-9467-5aff44995d1c&#8220; title_line_height=&#8220;2.5em&#8220; background_color=&#8220;gcid-61964df2-622d-434e-8ee7-3eb0f1885369&#8243; custom_button=&#8220;on&#8220; button_text_color=&#8220;#FFFFFF&#8220; button_bg_color=&#8220;gcid-93b403b1-bc5c-4f23-9467-5aff44995d1c&#8220; button_border_radius=&#8220;50px&#8220; button_letter_spacing=&#8220;5px&#8220; button_font=&#8220;|700|||||||&#8220; button_icon=&#8220;&#xe015;||divi||400&#8243; button_on_hover=&#8220;off&#8220; button_custom_padding=&#8220;|40px||15px|false|false&#8220; text_orientation=&#8220;center&#8220; custom_margin=&#8220;2em|0em|0em|0em|false|false&#8220; button_letter_spacing_tablet=&#8220;5px&#8220; button_letter_spacing_phone=&#8220;&#8220; button_letter_spacing_last_edited=&#8220;on|tablet&#8220; border_radii=&#8220;on|10px|10px|10px|10px&#8220; border_color_all=&#8220;RGBA(0,0,0,0)&#8220; button_text_shadow_style=&#8220;preset1&#8243; button_text_shadow_color=&#8220;#222222&#8243; body_font=&#8220;|600|||||||&#8220; body_text_color=&#8220;#E09900&#8243; body_line_height=&#8220;2.5em&#8220; global_colors_info=&#8220;{%22gcid-61964df2-622d-434e-8ee7-3eb0f1885369%22:%91%22background_color%22%93,%22gcid-93b403b1-bc5c-4f23-9467-5aff44995d1c%22:%91%22title_text_color%22,%22button_bg_color%22%93}&#8220;][\/et_pb_wc_cart_notice][et_pb_wc_title _builder_version=&#8220;4.20.4&#8243; header_font=&#8220;|700|||||||&#8220; header_text_color=&#8220;gcid-93b403b1-bc5c-4f23-9467-5aff44995d1c&#8220; header_font_size=&#8220;60px&#8220; custom_margin=&#8220;20px||20px||true|false&#8220; header_font_size_tablet=&#8220;45px&#8220; header_font_size_phone=&#8220;25px&#8220; header_font_size_last_edited=&#8220;on|phone&#8220; global_colors_info=&#8220;{%22gcid-93b403b1-bc5c-4f23-9467-5aff44995d1c%22:%91%22header_text_color%22%93}&#8220;][\/et_pb_wc_title][\/et_pb_column][\/et_pb_row][et_pb_row column_structure=&#8220;1_2,1_2&#8243; _builder_version=&#8220;4.16&#8243; background_size=&#8220;initial&#8220; background_position=&#8220;top_left&#8220; background_repeat=&#8220;repeat&#8220; width=&#8220;100%&#8220; custom_padding=&#8220;0px||||false|false&#8220; global_colors_info=&#8220;{}&#8220;][et_pb_column type=&#8220;1_2&#8243; _builder_version=&#8220;4.16&#8243; custom_padding=&#8220;|||&#8220; global_colors_info=&#8220;{}&#8220; custom_padding__hover=&#8220;|||&#8220;][et_pb_wc_images _builder_version=&#8220;4.16&#8243; global_colors_info=&#8220;{}&#8220;][\/et_pb_wc_images][\/et_pb_column][et_pb_column type=&#8220;1_2&#8243; _builder_version=&#8220;4.16&#8243; custom_padding=&#8220;|||&#8220; global_colors_info=&#8220;{}&#8220; custom_padding__hover=&#8220;|||&#8220;][et_pb_wc_rating disabled_on=&#8220;off|off|off&#8220; _builder_version=&#8220;4.20.4&#8243; rating_text_color=&#8220;#E09900&#8243; custom_css_main_element=&#8220;visibility: hidden;&#8220; global_colors_info=&#8220;{}&#8220;][\/et_pb_wc_rating][et_pb_wc_price _builder_version=&#8220;4.20.4&#8243; body_font=&#8220;|700|||||||&#8220; body_text_color=&#8220;gcid-93b403b1-bc5c-4f23-9467-5aff44995d1c&#8220; global_colors_info=&#8220;{%22gcid-93b403b1-bc5c-4f23-9467-5aff44995d1c%22:%91%22body_text_color%22%93}&#8220;][\/et_pb_wc_price][et_pb_wc_description _builder_version=&#8220;4.20.4&#8243; global_colors_info=&#8220;{}&#8220;][\/et_pb_wc_description][et_pb_wc_add_to_cart _builder_version=&#8220;4.20.4&#8243; fields_background_color=&#8220;gcid-2961fbe4-84bd-42a1-ab14-0fea04ca3ffc&#8220; fields_text_color=&#8220;gcid-93b403b1-bc5c-4f23-9467-5aff44995d1c&#8220; dropdown_menus_background_color=&#8220;gcid-2961fbe4-84bd-42a1-ab14-0fea04ca3ffc&#8220; dropdown_menus_text_color=&#8220;gcid-93b403b1-bc5c-4f23-9467-5aff44995d1c&#8220; dropdown_menus_custom_margin=&#8220;5px||0px||false|false&#8220; fields_font=&#8220;|700|||||||&#8220; fields_text_align=&#8220;center&#8220; fields_line_height=&#8220;1.1em&#8220; dropdown_menus_font_size=&#8220;15px&#8220; custom_button=&#8220;on&#8220; button_text_color=&#8220;#FFFFFF&#8220; button_bg_color=&#8220;gcid-93b403b1-bc5c-4f23-9467-5aff44995d1c&#8220; button_border_width=&#8220;0px&#8220; button_border_radius=&#8220;50px&#8220; button_letter_spacing=&#8220;5px&#8220; button_font=&#8220;|700|||||||&#8220; button_icon=&#8220;&#xe015;||divi||400&#8243; button_custom_margin=&#8220;||||false|false&#8220; button_letter_spacing_tablet=&#8220;5px&#8220; button_letter_spacing_phone=&#8220;&#8220; button_letter_spacing_last_edited=&#8220;on|tablet&#8220; border_radii_fields=&#8220;on|5px|5px|5px|5px&#8220; button_text_shadow_style=&#8220;preset1&#8243; button_text_shadow_color=&#8220;#222222&#8243; box_shadow_style_dropdown_menus=&#8220;preset1&#8243; global_colors_info=&#8220;{%22gcid-93b403b1-bc5c-4f23-9467-5aff44995d1c%22:%91%22button_bg_color%22,%22dropdown_menus_text_color%22,%22fields_text_color%22%93,%22gcid-2961fbe4-84bd-42a1-ab14-0fea04ca3ffc%22:%91%22dropdown_menus_background_color%22,%22fields_background_color%22%93}&#8220;][\/et_pb_wc_add_to_cart][et_pb_wc_meta disabled_on=&#8220;on|on|on&#8220; _builder_version=&#8220;4.16&#8243; disabled=&#8220;on&#8220; global_colors_info=&#8220;{}&#8220;][\/et_pb_wc_meta][\/et_pb_column][\/et_pb_row][et_pb_row _builder_version=&#8220;4.16&#8243; background_size=&#8220;initial&#8220; background_position=&#8220;top_left&#8220; background_repeat=&#8220;repeat&#8220; width=&#8220;100%&#8220; global_colors_info=&#8220;{}&#8220;][et_pb_column type=&#8220;4_4&#8243; _builder_version=&#8220;4.16&#8243; custom_padding=&#8220;|||&#8220; global_colors_info=&#8220;{}&#8220; custom_padding__hover=&#8220;|||&#8220;][et_pb_wc_tabs active_tab_background_color=&#8220;#e09900&#8243; inactive_tab_background_color=&#8220;#222222&#8243; active_tab_text_color=&#8220;#222222&#8243; module_id=&#8220;tabs_location&#8220; _builder_version=&#8220;4.16&#8243; tab_text_color=&#8220;#cccccc&#8220; tab_font_size=&#8220;20px&#8220; tab_line_height=&#8220;2em&#8220; animation_style=&#8220;fade&#8220; tab_font_size_tablet=&#8220;14px&#8220; tab_font_size_phone=&#8220;18px&#8220; tab_font_size_last_edited=&#8220;on|desktop&#8220; global_colors_info=&#8220;{}&#8220;] [\/et_pb_wc_tabs][et_pb_code _builder_version=&#8220;4.20.4&#8243; _module_preset=&#8220;default&#8220; global_colors_info=&#8220;{}&#8220;]<\/p>\n<style><!-- [et_pb_line_break_holder] -->body:not(.et-tb) #main-content .container, body:not(.et-tb-has-header) #main-content .container<!-- [et_pb_line_break_holder] -->{<!-- [et_pb_line_break_holder] -->\tpadding-top: 0px !important;<!-- [et_pb_line_break_holder] -->}<!-- [et_pb_line_break_holder] --><!-- [et_pb_line_break_holder] -->ul.sub-menu.has-box-shadow-overlay {<!-- [et_pb_line_break_holder] -->    width: auto;<!-- [et_pb_line_break_holder] -->}<!-- [et_pb_line_break_holder] -->  <!-- [et_pb_line_break_holder] -->.et-menu li li a {<!-- [et_pb_line_break_holder] -->    width: max-content !important;<!-- [et_pb_line_break_holder] -->    margin-top: 10px;<!-- [et_pb_line_break_holder] -->    margin-bottom: 10px;<!-- [et_pb_line_break_holder] -->}<!-- [et_pb_line_break_holder] --><!-- [et_pb_line_break_holder] -->.et_mobile_nav_menu<!-- [et_pb_line_break_holder] -->{<!-- [et_pb_line_break_holder] -->  display: none !important;<!-- [et_pb_line_break_holder] -->}<!-- [et_pb_line_break_holder] --><!-- [et_pb_line_break_holder] -->.paypal-button-row<!-- [et_pb_line_break_holder] -->{<!-- [et_pb_line_break_holder] -->\tdisplay: none !important;<!-- [et_pb_line_break_holder] -->}<!-- [et_pb_line_break_holder] -->  <!-- [et_pb_line_break_holder] -->.paypal-button<!-- [et_pb_line_break_holder] -->{<!-- [et_pb_line_break_holder] -->\tdisplay: none !important;<!-- [et_pb_line_break_holder] -->}<!-- [et_pb_line_break_holder] -->  <!-- [et_pb_line_break_holder] -->.paypal-button-container<!-- [et_pb_line_break_holder] -->{<!-- [et_pb_line_break_holder] -->\tdisplay: none !important;<!-- [et_pb_line_break_holder] -->}<!-- [et_pb_line_break_holder] --><!-- [et_pb_line_break_holder] -->.summary.entry-summary {<!-- [et_pb_line_break_holder] -->  display: none;<!-- [et_pb_line_break_holder] -->}<!-- [et_pb_line_break_holder] -->  .legal-price-info {<!-- [et_pb_line_break_holder] -->    display: none;<!-- [et_pb_line_break_holder] -->  }<!-- [et_pb_line_break_holder] --><\/style>\n<p><!-- [et_pb_line_break_holder] --><!-- [et_pb_line_break_holder] --><!-- [et_pb_line_break_holder] -->[\/et_pb_code][et_pb_button button_url=&#8220;#page-container&#8220; button_text=&#8220;Nach oben&#8220; button_alignment=&#8220;center&#8220; admin_label=&#8220;Button&#8220; module_id=&#8220;button_back-up&#8220; _builder_version=&#8220;4.20.4&#8243; _module_preset=&#8220;da49984f-7b86-4eb2-adb0-56fc41ee4e7b&#8220; custom_button=&#8220;on&#8220; button_text_color=&#8220;gcid-61964df2-622d-434e-8ee7-3eb0f1885369&#8243; button_bg_color=&#8220;RGBA(255,255,255,0)&#8220; button_border_color=&#8220;gcid-61964df2-622d-434e-8ee7-3eb0f1885369&#8243; button_icon=&#8220;&#x21;||divi||400&#8243; global_colors_info=&#8220;{%22gcid-61964df2-622d-434e-8ee7-3eb0f1885369%22:%91%22button_text_color%22,%22button_border_color%22%93}&#8220;][\/et_pb_button][et_pb_wc_upsells _builder_version=&#8220;4.16&#8243; global_colors_info=&#8220;{}&#8220;][\/et_pb_wc_upsells][et_pb_wc_related_products _builder_version=&#8220;4.16&#8243; global_colors_info=&#8220;{}&#8220;][\/et_pb_wc_related_products][\/et_pb_column][\/et_pb_row][\/et_pb_section]<\/p>","protected":false},"excerpt":{"rendered":"<h4><strong>Versilberte Hohlpr\u00e4gung des sehr seltenen Traditionsabzeichens der J\u00e4gerschaft\u00a0<\/strong><\/h4>\n<p>Hochwertige Reproduktion eines Abzeichens als versilberte Hohlpr\u00e4gung mit Befestigungs-Ohren an der R\u00fcckseite.<\/p>\n<p>Die Reproduktion wurde mittels eines noch vorhandenem Originals durchgef\u00fchrt und ist somit in der Optik und Haptik ann\u00e4hernd authentisch.<\/p>\n<p>Durch die Befestigungs-Ohren an der R\u00fcckseite und der Nadel k\u00f6nnen Sie sich dieses St\u00fcck Geschichte w\u00e4hrend Waldbesuchen oder anderen Aktivit\u00e4ten in der Natur an Ihr Revers stecken.<\/p>\n<p>Normalerweise befand sich auf der Brust des Adlers eine spezielle Symbolik, welche wir g\u00e4nzlich entfernten.<\/p>","protected":false},"featured_media":4893,"template":"","meta":{"_et_pb_use_builder":"on","_et_pb_old_content":"<h4><strong>Was wir Ihnen bieten<\/strong><\/h4>\r\n<ul>\r\n \t<li>Wir verwenden ausschlie\u00dflich hochwertiges Material zur Herstellung und verzichten auf zumeist minderwertige 3D-Drucke.<\/li>\r\n \t<li>Authentizit\u00e4t des Griffemblems durch das Nachempfinden eines uns vorliegenden Originals mit originalen Bema\u00dfungen gew\u00e4hrleistet.<\/li>\r\n \t<li>In Eigenproduktion hergestellt und veredelt und mit Haltelaschen versehen.<\/li>\r\n \t<li>Anpassungen sind nur schwer vorzunehmen, ohne dabei die von uns die vorgenommene Versilberung zu besch\u00e4digen. Vergewissern Sie sich im Vorfeld \u00fcber die Kompatibilit\u00e4t mit Ihrem Sammelst\u00fcck.<\/li>\r\n<\/ul>\r\n<h4><strong>Was wir Ihnen garantieren<\/strong><\/h4>\r\n<strong>Passgenau\r\n<\/strong>Die Bema\u00dfung wurden seltenen, originalen Sammelst\u00fccke akribisch abgenommen. Ihr eigener Dolch, Hauer, Degen, Hirschf\u00e4nger, Brief\u00f6ffner oder Ihr eigenes Schwert, S\u00e4bel, Messer usw. und derer von Freunden und Bekannten passen daher garantiert f\u00fcr die jeweils vorgesehene Variante. Zu beachten ist, dass Replikationen von Sammelst\u00fccken, die zumeist billig hergestellt werden und daher nicht ma\u00dfstabgetreu der Originale sind, von den von uns fachkundig vorgenommenen Messungen abweichen k\u00f6nnen. Die jeweiligen Bema\u00dfungen entnehmen Sie bitte nach Auswahl der von Ihnen gew\u00fcnschten Variation aus der Produktbeschreibung oder den <strong><a href=\"https:\/\/shop.dolchvitrine.de\/produktdetails\/\">\"Produktdetails\"<\/a><\/strong>.\r\n\r\n<strong>Hohlpr\u00e4gung\r\n<\/strong>Unsere originalgetreuen Nachbauten sind durch das Beibehalten der originalen Bema\u00dfungen durch unsere Methode der Formabnahme sehr authentisch. Die Methode der Hohlpr\u00e4gung ist urspr\u00fcngliche Herstellungsweise dieser Einzelst\u00fccke. Verwendete Werkzeuge und Maschinen sind noch urspr\u00fcngliche Originale aus Restposten der Hersteller, wodurch die Reproduktionen tats\u00e4chlich ann\u00e4hernd originale sind.\r\n\r\n<strong>Versilbert\r\n<\/strong>Alle Werkst\u00fccke erhalten eine fachkundige Versilberung.\r\n\r\n<strong>Haben Sie noch Fragen oder Anliegen?<\/strong>\r\n<ul>\r\n \t<li>Schauen Sie zuerst bei\u00a0<strong><a href=\"https:\/\/shop.dolchvitrine.de\/haeufig-gestellte-fragen\/\">\"H\u00e4ufig gestellte Fragen\"<\/a><\/strong>. Dort erhalten Sie ohne Wartezeit direkt eine Antwort auf Ihre m\u00f6glichen Fragen.<\/li>\r\n \t<li>Kontaktieren Sie uns ansonsten sehr gerne, indem Sie uns eine elektronische Nachricht an unsere E-Mail-Adresse senden, diese finden Sie unter dem Navigationspunkt\u00a0<a href=\"https:\/\/shop.dolchvitrine.de\/kontakt\/\"><strong>\"Kontakt\"<\/strong><\/a>. Wir freuen uns, Ihre W\u00fcnsche mit Ihnen zu verwirklichen.<\/li>\r\n<\/ul>\r\n<h4><strong>Die Herkunft unserer Ersatzteile<\/strong><\/h4>\r\nBei uns bekommen Sie <strong>Originale<\/strong> und <strong>originalgetreue Nachbauten<\/strong>.\r\n<ul>\r\n \t<li>Die von uns professionell angefertigten, <strong>originalgetreuen Nachbauten<\/strong> sind Originalen aus unserem Archiv nachempfunden und behalten dabei die Details von Lederoptik oder die Maserung von Holz und Horn.<\/li>\r\n \t<li>Ausnahmslos alle Ersatzteile, die wir als <strong>Originale<\/strong> kennzeichnen, sind wahrhaftige Originale aus Aufk\u00e4ufen von Restposten, von Abenteuern auf Tr\u00f6delm\u00e4rkten, unserer privaten Sammlung und weiteren Quellen.<\/li>\r\n \t<li>Unsere Historiker pr\u00fcfen ausnahmslos alle angeblichen Originale aus Fremdquellen auf m\u00f6gliche F\u00e4lschungen. Auf Wunsch k\u00f6nnen wir nat\u00fcrlich auch f\u00fcr spezielle Reproduktionen oder g\u00e4nzlich unbekannte Teile Ersatzteile herstellen, schreiben Sie uns f\u00fcr ein individuelles Angebot gerne an: <a href=\"https:\/\/shop.dolchvitrine.de\/kontakt\/\"><strong>\"Kontakt\"<\/strong><\/a>.<\/li>\r\n<\/ul>","_et_gb_content_width":""},"product_brand":[],"product_cat":[189,484,537],"product_tag":[278,48,381,382,279,280,117,281,282,283,284,383,384,385,285,121,286,386,287,288,43,289],"class_list":{"0":"post-4892","1":"product","2":"type-product","3":"status-publish","4":"has-post-thumbnail","6":"product_cat-ersatzteil","7":"product_cat-weiteres","8":"product_cat-embleme-abzeichen","9":"product_tag-abzeichen","10":"product_tag-dolch","11":"product_tag-elembem","12":"product_tag-embelem","13":"product_tag-emblem","14":"product_tag-gepraegt","15":"product_tag-griff","16":"product_tag-griffemblem","17":"product_tag-halter","18":"product_tag-halterung","19":"product_tag-halteschnalllen","20":"product_tag-jaeger","21":"product_tag-jaegerschaft","22":"product_tag-jagt","23":"product_tag-neu","24":"product_tag-original","25":"product_tag-praegung","26":"product_tag-schaft","27":"product_tag-schutz","28":"product_tag-schutzdolch","29":"product_tag-silber","30":"product_tag-versilbert","32":"first","33":"instock","34":"taxable","35":"shipping-taxable","36":"purchasable","37":"product-type-simple"},"jetpack_sharing_enabled":true,"_links":{"self":[{"href":"https:\/\/shop.dolchvitrine.de\/en\/wp-json\/wp\/v2\/product\/4892","targetHints":{"allow":["GET"]}}],"collection":[{"href":"https:\/\/shop.dolchvitrine.de\/en\/wp-json\/wp\/v2\/product"}],"about":[{"href":"https:\/\/shop.dolchvitrine.de\/en\/wp-json\/wp\/v2\/types\/product"}],"wp:featuredmedia":[{"embeddable":true,"href":"https:\/\/shop.dolchvitrine.de\/en\/wp-json\/wp\/v2\/media\/4893"}],"wp:attachment":[{"href":"https:\/\/shop.dolchvitrine.de\/en\/wp-json\/wp\/v2\/media?parent=4892"}],"wp:term":[{"taxonomy":"product_brand","embeddable":true,"href":"https:\/\/shop.dolchvitrine.de\/en\/wp-json\/wp\/v2\/product_brand?post=4892"},{"taxonomy":"product_cat","embeddable":true,"href":"https:\/\/shop.dolchvitrine.de\/en\/wp-json\/wp\/v2\/product_cat?post=4892"},{"taxonomy":"product_tag","embeddable":true,"href":"https:\/\/shop.dolchvitrine.de\/en\/wp-json\/wp\/v2\/product_tag?post=4892"}],"curies":[{"name":"wp","href":"https:\/\/api.w.org\/{rel}","templated":true}]}}