{"id":601,"date":"2021-02-12T12:41:14","date_gmt":"2021-02-12T11:41:14","guid":{"rendered":"http:\/\/shop.dolchvitrine.de\/?page_id=601"},"modified":"2023-07-26T22:18:06","modified_gmt":"2023-07-26T21:18:06","slug":"kontakt","status":"publish","type":"page","link":"https:\/\/shop.dolchvitrine.de\/en\/kontakt\/","title":{"rendered":"Contact"},"content":{"rendered":"<p>[et_pb_section fb_built=&#8220;1&#8243; fullwidth=&#8220;on&#8220; module_id=&#8220;akribischunddetailreich&#8220; _builder_version=&#8220;4.16&#8243; _module_preset=&#8220;default&#8220; global_colors_info=&#8220;{}&#8220;][et_pb_fullwidth_header title=&#8220;Kontakt&#8220; background_overlay_color=&#8220;RGBA(0,0,0,0)&#8220; button_one_text_phone=&#8220;Teilnahmebedingungen&#8220; button_one_text_last_edited=&#8220;off|desktop&#8220; _builder_version=&#8220;4.21.0&#8243; _module_preset=&#8220;default&#8220; title_font=&#8220;|700|||||||&#8220; title_text_color=&#8220;gcid-93b403b1-bc5c-4f23-9467-5aff44995d1c&#8220; title_font_size=&#8220;70px&#8220; content_text_align=&#8220;left&#8220; background_color=&#8220;#222222&#8243; custom_button_one=&#8220;on&#8220; button_one_text_color=&#8220;#FFFFFF&#8220; button_one_bg_color=&#8220;#E09900&#8243; button_one_border_width=&#8220;0px&#8220; button_one_border_radius=&#8220;50px&#8220; button_one_letter_spacing=&#8220;2px&#8220; button_one_font=&#8220;|700|||||||&#8220; button_one_icon=&#8220;&#x22;||divi||400&#8243; button_one_on_hover=&#8220;off&#8220; button_one_custom_padding=&#8220;|45px||20px|false|false&#8220; sticky_limit_bottom=&#8220;section&#8220; scroll_vertical_motion=&#8220;0|0|99|100|4|0|-4&#8243; hover_enabled=&#8220;0&#8243; title_font_size_tablet=&#8220;50px&#8220; title_font_size_phone=&#8220;30px&#8220; title_font_size_last_edited=&#8220;on|phone&#8220; content_text_align_tablet=&#8220;justify&#8220; content_text_align_phone=&#8220;justify&#8220; content_text_align_last_edited=&#8220;on|phone&#8220; button_one_text_size_tablet=&#8220;&#8220; button_one_text_size_phone=&#8220;15px&#8220; button_one_text_size_last_edited=&#8220;on|phone&#8220; button_one_letter_spacing_tablet=&#8220;&#8220; button_one_letter_spacing_phone=&#8220;0px&#8220; button_one_letter_spacing_last_edited=&#8220;on|phone&#8220; sticky_position_tablet=&#8220;&#8220; sticky_position_phone=&#8220;none&#8220; sticky_position_last_edited=&#8220;on|tablet&#8220; title_text_shadow_style=&#8220;preset5&#8243; title_text_shadow_color=&#8220;#000000&#8243; global_colors_info=&#8220;{%22gcid-93b403b1-bc5c-4f23-9467-5aff44995d1c%22:%91%22title_text_color%22%93,%22gcid-ba784003-5481-4167-a6df-6eace2943042%22:%91%22content_text_color%22%93}&#8220; content_text_color=&#8220;gcid-ba784003-5481-4167-a6df-6eace2943042&#8243; sticky_enabled=&#8220;0&#8243;]<\/p>\n<p>Sie haben das Verlangen mit uns in Kontakt zu treten? F\u00fcllen Sie das Kontaktformular aus und wir treten mit Ihnen in Verbindung.<\/p>\n<p>[\/et_pb_fullwidth_header][\/et_pb_section][et_pb_section fb_built=&#8220;1&#8243; _builder_version=&#8220;4.16&#8243; _module_preset=&#8220;default&#8220; global_colors_info=&#8220;{}&#8220;][et_pb_row _builder_version=&#8220;4.16&#8243; _module_preset=&#8220;default&#8220; custom_padding=&#8220;10px|20px|10px|20px|true|true&#8220; border_radii=&#8220;on|5px|5px|5px|5px&#8220; border_width_all=&#8220;2px&#8220; global_colors_info=&#8220;{}&#8220;][et_pb_column type=&#8220;4_4&#8243; _builder_version=&#8220;4.16&#8243; _module_preset=&#8220;default&#8220; global_colors_info=&#8220;{}&#8220;][et_pb_text _builder_version=&#8220;4.16&#8243; _module_preset=&#8220;default&#8220; custom_margin=&#8220;||0px|||&#8220; text_orientation_tablet=&#8220;center&#8220; text_orientation_phone=&#8220;&#8220; text_orientation_last_edited=&#8220;on|phone&#8220; global_colors_info=&#8220;{}&#8220;]<\/p>\n<h2><strong>Wie Sie uns Kontaktieren<\/strong><\/h2>\n<p>[\/et_pb_text][et_pb_text _builder_version=&#8220;4.16&#8243; _module_preset=&#8220;default&#8220; text_orientation_tablet=&#8220;center&#8220; text_orientation_phone=&#8220;&#8220; text_orientation_last_edited=&#8220;on|phone&#8220; global_colors_info=&#8220;{}&#8220;]<\/p>\n<p>Bitte kontaktieren Sie uns ausschlie\u00dflich \u00fcber unser Kontaktformular, damit eine schnelle und professionelle Bearbeitung Ihrer Anliegen gew\u00e4hrleistet werden kann. Falls Sie einen Termin f\u00fcr eine telefonische Beratung mit uns w\u00fcnschen, so schreiben Sie uns bitte eine Nachricht mit Ihrem Anliegen und Ihrer Telefonnummer. Im Anschluss antworten wir Ihnen entsprechend Ihrer Anfrage und dies schnellstm\u00f6glich.<\/p>\n<p>[\/et_pb_text][et_pb_toggle title=&#8220;Schreiben Sie uns problemlos \u00fcber das Kontaktformular eine elektronische Nachricht direkt in unser Postfach.*&#8220; _builder_version=&#8220;4.16&#8243; _module_preset=&#8220;default&#8220; custom_margin=&#8220;-14px|||||&#8220; global_colors_info=&#8220;{}&#8220;]<\/p>\n<ul>\n<li><em>Bitte geben Sie hierzu Ihren Spitznamen ein (Ihren Spitznamen oder Ihren Vornamen und Nachnamen),\u00a0 Ihre E-Mail-Adresse und schlie\u00dflich Ihre Frage ein.\u00a0<\/em><\/li>\n<li><em><\/em><em><\/em><em>Stimmen Sie unseren allgemeinen Gesch\u00e4ftsbedingungen, unserer Datenschutzerkl\u00e4rung und unserer Widerrufsbelehrung verbindlich zu.<\/em><\/li>\n<li><em>Um sicherzustellen, dass Sie auch ein Mensch sind,<\/em><em> berechnen Sie bitte die leichte Aufgabe \u00fcber der &#8222;Absenden&#8220; Schaltfl\u00e4che.<\/em><\/li>\n<\/ul>\n<p><em>Nachdem Sie auf Senden dr\u00fccken und Ihre Anfrage erfolgreich an uns \u00fcbermittelt wurde, k\u00fcmmern wir uns in Windeseile um diese. Erwarten Sie unsere Antwort in Form einer elektronischen Nachricht an die angegebene E-Mail-Adresse.<\/em><\/p>\n<p>[\/et_pb_toggle][\/et_pb_column][\/et_pb_row][et_pb_row _builder_version=&#8220;4.16&#8243; _module_preset=&#8220;default&#8220; global_colors_info=&#8220;{}&#8220;][et_pb_column type=&#8220;4_4&#8243; _builder_version=&#8220;4.16&#8243; _module_preset=&#8220;default&#8220; global_colors_info=&#8220;{}&#8220;][dvppl_cf7_styler use_form_header=&#8220;on&#8220; form_header_title=&#8220;Kontaktformular&#8220; cf7=&#8220;1901&#8243; _builder_version=&#8220;4.16&#8243; _module_preset=&#8220;default&#8220; global_colors_info=&#8220;{}&#8220;][\/dvppl_cf7_styler][\/et_pb_column][\/et_pb_row][\/et_pb_section]<\/p>","protected":false},"excerpt":{"rendered":"<p>Sie haben das Verlangen mit uns in Kontakt zu treten? F\u00fcllen Sie das Kontaktformular aus und wir treten mit Ihnen in Verbindung.Wie Sie uns KontaktierenBitte kontaktieren Sie uns ausschlie\u00dflich \u00fcber unser Kontaktformular, damit eine schnelle und professionelle Bearbeitung Ihrer Anliegen gew\u00e4hrleistet werden kann. Falls Sie einen Termin f\u00fcr eine telefonische Beratung mit uns w\u00fcnschen, so [&hellip;]<\/p>","protected":false},"author":1,"featured_media":0,"parent":0,"menu_order":0,"comment_status":"closed","ping_status":"closed","template":"","meta":{"_et_pb_use_builder":"on","_et_pb_old_content":"","_et_gb_content_width":"","footnotes":""},"class_list":["post-601","page","type-page","status-publish","hentry"],"jetpack_sharing_enabled":true,"_links":{"self":[{"href":"https:\/\/shop.dolchvitrine.de\/en\/wp-json\/wp\/v2\/pages\/601","targetHints":{"allow":["GET"]}}],"collection":[{"href":"https:\/\/shop.dolchvitrine.de\/en\/wp-json\/wp\/v2\/pages"}],"about":[{"href":"https:\/\/shop.dolchvitrine.de\/en\/wp-json\/wp\/v2\/types\/page"}],"author":[{"embeddable":true,"href":"https:\/\/shop.dolchvitrine.de\/en\/wp-json\/wp\/v2\/users\/1"}],"replies":[{"embeddable":true,"href":"https:\/\/shop.dolchvitrine.de\/en\/wp-json\/wp\/v2\/comments?post=601"}],"version-history":[{"count":10,"href":"https:\/\/shop.dolchvitrine.de\/en\/wp-json\/wp\/v2\/pages\/601\/revisions"}],"predecessor-version":[{"id":4765,"href":"https:\/\/shop.dolchvitrine.de\/en\/wp-json\/wp\/v2\/pages\/601\/revisions\/4765"}],"wp:attachment":[{"href":"https:\/\/shop.dolchvitrine.de\/en\/wp-json\/wp\/v2\/media?parent=601"}],"curies":[{"name":"wp","href":"https:\/\/api.w.org\/{rel}","templated":true}]}}