{"id":4324,"date":"2023-05-27T11:16:22","date_gmt":"2023-05-27T10:16:22","guid":{"rendered":"http:\/\/shop.dolchvitrine.de\/?page_id=4324"},"modified":"2023-09-10T12:20:32","modified_gmt":"2023-09-10T11:20:32","slug":"aktionen","status":"publish","type":"page","link":"https:\/\/shop.dolchvitrine.de\/en\/aktionen\/","title":{"rendered":"Sale"},"content":{"rendered":"<p>[et_pb_section fb_built=&#8220;1&#8243; fullwidth=&#8220;on&#8220; _builder_version=&#8220;4.20.2&#8243; _module_preset=&#8220;default&#8220; custom_margin_tablet=&#8220;&#8220; custom_margin_phone=&#8220;0px||0px||true|false&#8220; custom_margin_last_edited=&#8220;on|phone&#8220; custom_padding=&#8220;0px||0px||true|false&#8220; global_colors_info=&#8220;{}&#8220;][et_pb_fullwidth_header title=&#8220;Aktionen der Dolchvitrine&#8220; title_tablet=&#8220;D\u00fcrfen wir vorstellen &#8211; Dolchvitrine.de&#8220; title_phone=&#8220;Dolchvitrine.de&#8220; title_last_edited=&#8220;on|phone&#8220; _builder_version=&#8220;4.21.0&#8243; _module_preset=&#8220;default&#8220; title_font=&#8220;|800|||||||&#8220; content_font_size=&#8220;16px&#8220; background_color=&#8220;gcid-93b403b1-bc5c-4f23-9467-5aff44995d1c&#8220; custom_margin_phone=&#8220;0px||0px||true|false&#8220; custom_margin_last_edited=&#8220;off|tablet&#8220; custom_padding=&#8220;50px||50px||true|false&#8220; custom_padding_tablet=&#8220;20px||20px||true|false&#8220; custom_padding_phone=&#8220;0px||0px||true|false&#8220; custom_padding_last_edited=&#8220;on|desktop&#8220; custom_css_button_1=&#8220;display: none !important;&#8220; box_shadow_style=&#8220;preset6&#8243; global_colors_info=&#8220;{%22gcid-93b403b1-bc5c-4f23-9467-5aff44995d1c%22:%91%22background_color%22%93}&#8220; custom_css_button_1_last_edited=&#8220;off|phone&#8220; custom_css_button_1_tablet=&#8220;display: none !important;||&#8220;]<\/p>\n<p>Neuigkeiten, Preissenkungen und vieles mehr.<\/p>\n<p>[\/et_pb_fullwidth_header][\/et_pb_section][et_pb_section fb_built=&#8220;1&#8243; _builder_version=&#8220;4.21.0&#8243; _module_preset=&#8220;default&#8220; global_colors_info=&#8220;{}&#8220;][et_pb_row _builder_version=&#8220;4.21.0&#8243; _module_preset=&#8220;default&#8220; global_colors_info=&#8220;{}&#8220;][et_pb_column type=&#8220;4_4&#8243; _builder_version=&#8220;4.20.4&#8243; _module_preset=&#8220;default&#8220; background_color=&#8220;gcid-2961fbe4-84bd-42a1-ab14-0fea04ca3ffc&#8220; custom_padding=&#8220;15px|15px|15px|15px|true|true&#8220; border_radii=&#8220;on|5px|5px|5px|5px&#8220; border_width_all=&#8220;1px&#8220; border_color_all=&#8220;RGBA(255,255,255,0)&#8220; box_shadow_style=&#8220;preset1&#8243; global_colors_info=&#8220;{%22gcid-2961fbe4-84bd-42a1-ab14-0fea04ca3ffc%22:%91%22background_color%22%93}&#8220;][et_pb_text _builder_version=&#8220;4.21.0&#8243; _module_preset=&#8220;default&#8220; text_text_color=&#8220;gcid-93b403b1-bc5c-4f23-9467-5aff44995d1c&#8220; header_font=&#8220;|600|||||||&#8220; header_text_align=&#8220;center&#8220; header_text_color=&#8220;gcid-93b403b1-bc5c-4f23-9467-5aff44995d1c&#8220; global_colors_info=&#8220;{%22gcid-93b403b1-bc5c-4f23-9467-5aff44995d1c%22:%91%22text_text_color%22,%22header_text_color%22%93}&#8220;]<\/p>\n<h1>Gerade gibt es keine Neuigkeiten.<\/h1>\n<p>[\/et_pb_text][et_pb_text _builder_version=&#8220;4.21.0&#8243; _module_preset=&#8220;default&#8220; text_font=&#8220;|600|||||||&#8220; text_text_color=&#8220;gcid-ba784003-5481-4167-a6df-6eace2943042&#8243; text_font_size=&#8220;18px&#8220; text_orientation=&#8220;center&#8220; global_colors_info=&#8220;{%22gcid-ba784003-5481-4167-a6df-6eace2943042%22:%91%22text_text_color%22%93}&#8220;]<\/p>\n<p>Es erwartet Sie in Zukunft interessantes und informatives. Schnallen Sie sich an!<\/p>\n<p>[\/et_pb_text][et_pb_button button_url=&#8220;@ET-DC@eyJkeW5hbWljIjp0cnVlLCJjb250ZW50IjoiaG9tZV91cmwiLCJzZXR0aW5ncyI6e319@&#8220; button_text=&#8220;Startseite&#8220; button_alignment=&#8220;center&#8220; _builder_version=&#8220;4.21.0&#8243; _dynamic_attributes=&#8220;button_url&#8220; _module_preset=&#8220;default&#8220; custom_button=&#8220;on&#8220; button_text_color=&#8220;gcid-2961fbe4-84bd-42a1-ab14-0fea04ca3ffc&#8220; button_bg_color=&#8220;gcid-93b403b1-bc5c-4f23-9467-5aff44995d1c&#8220; button_border_radius=&#8220;25px&#8220; button_letter_spacing=&#8220;0px&#8220; button_font=&#8220;|700|||||||&#8220; button_icon=&#8220;&#xe046;||divi||400&#8243; global_colors_info=&#8220;{%22gcid-93b403b1-bc5c-4f23-9467-5aff44995d1c%22:%91%22button_bg_color%22%93,%22gcid-2961fbe4-84bd-42a1-ab14-0fea04ca3ffc%22:%91%22button_text_color%22%93}&#8220;][\/et_pb_button][\/et_pb_column][\/et_pb_row][\/et_pb_section][et_pb_section fb_built=&#8220;1&#8243; fullwidth=&#8220;on&#8220; _builder_version=&#8220;4.20.2&#8243; _module_preset=&#8220;default&#8220; custom_margin_tablet=&#8220;&#8220; custom_margin_phone=&#8220;0px||0px||true|false&#8220; custom_margin_last_edited=&#8220;on|phone&#8220; custom_padding=&#8220;0px||0px||true|false&#8220; global_colors_info=&#8220;{}&#8220;][et_pb_fullwidth_header title=&#8220;Aktionen&#8220; button_one_text=&#8220;Klicks&#8220; title_tablet=&#8220;Neuigkeiten&#8220; title_phone=&#8220;Neuigkeiten&#8220; title_last_edited=&#8220;on|phone&#8220; _builder_version=&#8220;4.21.0&#8243; _module_preset=&#8220;default&#8220; title_font=&#8220;|800|||||||&#8220; title_text_align=&#8220;center&#8220; content_font_size=&#8220;16px&#8220; background_color=&#8220;gcid-93b403b1-bc5c-4f23-9467-5aff44995d1c&#8220; custom_margin_phone=&#8220;0px||0px||true|false&#8220; custom_margin_last_edited=&#8220;off|tablet&#8220; custom_padding=&#8220;5px||5px||true|false&#8220; custom_padding_tablet=&#8220;20px||20px||true|false&#8220; custom_padding_phone=&#8220;0px||0px||true|false&#8220; custom_padding_last_edited=&#8220;on|desktop&#8220; custom_css_button_1=&#8220;display: none !important;&#8220; box_shadow_style=&#8220;preset6&#8243; global_colors_info=&#8220;{%22gcid-93b403b1-bc5c-4f23-9467-5aff44995d1c%22:%91%22background_color%22%93}&#8220; custom_css_button_1_last_edited=&#8220;off|phone&#8220; custom_css_button_1_tablet=&#8220;display: none !important;||&#8220;][\/et_pb_fullwidth_header][\/et_pb_section][et_pb_section fb_built=&#8220;1&#8243; _builder_version=&#8220;4.21.0&#8243; _module_preset=&#8220;default&#8220; global_colors_info=&#8220;{}&#8220;][et_pb_row _builder_version=&#8220;4.21.0&#8243; _module_preset=&#8220;default&#8220; global_colors_info=&#8220;{}&#8220;][et_pb_column type=&#8220;4_4&#8243; _builder_version=&#8220;4.20.4&#8243; _module_preset=&#8220;default&#8220; background_color=&#8220;gcid-2961fbe4-84bd-42a1-ab14-0fea04ca3ffc&#8220; custom_padding=&#8220;15px|15px|15px|15px|true|true&#8220; border_radii=&#8220;on|5px|5px|5px|5px&#8220; border_width_all=&#8220;1px&#8220; border_color_all=&#8220;RGBA(255,255,255,0)&#8220; box_shadow_style=&#8220;preset1&#8243; global_colors_info=&#8220;{%22gcid-2961fbe4-84bd-42a1-ab14-0fea04ca3ffc%22:%91%22background_color%22%93}&#8220;][et_pb_text _builder_version=&#8220;4.22.1&#8243; _module_preset=&#8220;default&#8220; text_text_color=&#8220;gcid-93b403b1-bc5c-4f23-9467-5aff44995d1c&#8220; header_font=&#8220;|600|||||||&#8220; header_text_align=&#8220;center&#8220; header_text_color=&#8220;gcid-93b403b1-bc5c-4f23-9467-5aff44995d1c&#8220; hover_enabled=&#8220;0&#8243; global_colors_info=&#8220;{%22gcid-93b403b1-bc5c-4f23-9467-5aff44995d1c%22:%91%22text_text_color%22,%22header_text_color%22%93}&#8220; sticky_enabled=&#8220;0&#8243;]<\/p>\n<h1>Aktuelle Preissenkungen.<\/h1>\n<p>[\/et_pb_text][et_pb_text _builder_version=&#8220;4.22.1&#8243; _module_preset=&#8220;default&#8220; text_font=&#8220;|600|||||||&#8220; text_text_color=&#8220;gcid-ba784003-5481-4167-a6df-6eace2943042&#8243; text_font_size=&#8220;18px&#8220; text_orientation=&#8220;center&#8220; hover_enabled=&#8220;0&#8243; global_colors_info=&#8220;{%22gcid-ba784003-5481-4167-a6df-6eace2943042%22:%91%22text_text_color%22%93}&#8220; sticky_enabled=&#8220;0&#8243;]<\/p>\n<p>Wir planen momentan keine wiederkehrenden Veranstaltungen mit Preissenkungen.<\/p>\n<p>Je nach Lagerbestand von Ersatzteilen und eventuellen R\u00fcckl\u00e4ufern von Vitrinen k\u00f6nnen Sie hier unregelm\u00e4\u00dfig reduzierte Produkte finden.<\/p>\n<p>Wenn keine Produkte angezeigt werden, dann sin aktuell keine Preissenkungen aktiv.<\/p>\n<p>[\/et_pb_text][et_pb_button button_url=&#8220;@ET-DC@eyJkeW5hbWljIjp0cnVlLCJjb250ZW50IjoiaG9tZV91cmwiLCJzZXR0aW5ncyI6e319@&#8220; button_text=&#8220;Startseite&#8220; button_alignment=&#8220;center&#8220; _builder_version=&#8220;4.21.0&#8243; _dynamic_attributes=&#8220;button_url&#8220; _module_preset=&#8220;default&#8220; custom_button=&#8220;on&#8220; button_text_color=&#8220;gcid-2961fbe4-84bd-42a1-ab14-0fea04ca3ffc&#8220; button_bg_color=&#8220;gcid-93b403b1-bc5c-4f23-9467-5aff44995d1c&#8220; button_border_radius=&#8220;25px&#8220; button_letter_spacing=&#8220;0px&#8220; button_font=&#8220;|700|||||||&#8220; button_icon=&#8220;&#xe046;||divi||400&#8243; global_colors_info=&#8220;{%22gcid-93b403b1-bc5c-4f23-9467-5aff44995d1c%22:%91%22button_bg_color%22%93,%22gcid-2961fbe4-84bd-42a1-ab14-0fea04ca3ffc%22:%91%22button_text_color%22%93}&#8220;][\/et_pb_button][\/et_pb_column][\/et_pb_row][et_pb_row _builder_version=&#8220;4.22.1&#8243; _module_preset=&#8220;default&#8220; global_colors_info=&#8220;{}&#8220; theme_builder_area=&#8220;post_content&#8220;][et_pb_column type=&#8220;4_4&#8243; _builder_version=&#8220;4.22.1&#8243; _module_preset=&#8220;default&#8220; global_colors_info=&#8220;{}&#8220; theme_builder_area=&#8220;post_content&#8220;][dnwoo_filter_masonry type=&#8220;sale&#8220; hide_out_of_stock=&#8220;off&#8220; dnwoo_badge_outofstock=&#8220;Vergriffen&#8220; include_categories=&#8220;187,189,190,188,533,15,191&#8243; products_number=&#8220;-1&#8243; dnwoo_show_add_to_cart_text=&#8220;Warenkorb&#8220; dnwoo_select_options_text=&#8220;Variation&#8220; show_quickview_button=&#8220;on&#8220; quickviewpopupbox_arrow_color=&#8220;gcid-2961fbe4-84bd-42a1-ab14-0fea04ca3ffc&#8220; dnwoo_badge_featured=&#8220;Neu&#8220; dnwoo_badge_sale=&#8220;Angebot&#8220; dnwoo_columns=&#8220;3&#8243; addtocart_bg_color=&#8220;gcid-93b403b1-bc5c-4f23-9467-5aff44995d1c&#8220; viewcart_bg_color=&#8220;gcid-93b403b1-bc5c-4f23-9467-5aff44995d1c&#8220; quickview_bg_color=&#8220;#FF8C00&#8243; quickviewbtn_bg_color=&#8220;gcid-93b403b1-bc5c-4f23-9467-5aff44995d1c&#8220; quickviewpopuparrow_bg_color=&#8220;gcid-93b403b1-bc5c-4f23-9467-5aff44995d1c&#8220; _builder_version=&#8220;4.22.1&#8243; _module_preset=&#8220;default&#8220; header_text_color=&#8220;gcid-93b403b1-bc5c-4f23-9467-5aff44995d1c&#8220; product_cats_font=&#8220;|600|||||||&#8220; product_cats_text_align=&#8220;left&#8220; regular_price_font=&#8220;|600|||||||&#8220; add_to_card_font=&#8220;|600|||||||&#8220; quickview_font=&#8220;|600|||||||&#8220; quick_view_popup_box_title_text_color=&#8220;gcid-93b403b1-bc5c-4f23-9467-5aff44995d1c&#8220; hover_enabled=&#8220;0&#8243; custom_css_main_element=&#8220;.sku_wrapper{||  display: block;||}||.posted_in{||  display: block;||}||.tagged_as{||  display: none;||}||.input-text.qty.text{||  background: #1c1c1c;||\tcolor: #ff8c00 !important;||  border-radius: 5px;||}||.single_add_to_cart_button.button.alt{||    color: white;||    border-radius: 50px;||    background: #ff8c00;||    font-weight: bold;||}||.single_add_to_cart_button.button.alt:hover{||    color: white;||    border-radius: 50px;||    background: #ff8c00;||    font-weight: bold;||}&#8220; border_radii_image_border=&#8220;on|15px|15px|15px|15px&#8220; border_radii_addtocart=&#8220;off|15px|||15px&#8220; border_radii_viewcart=&#8220;off|15px|||15px&#8220; border_radii_quickview=&#8220;off||15px|15px|&#8220; border_radii_quickview_popup_arrow=&#8220;on|15px|15px|15px|15px&#8220; border_radii_category_filter_item=&#8220;on|15px|15px|15px|15px&#8220; border_width_all_category_filter_item=&#8220;2px&#8220; border_color_all_category_filter_item=&#8220;#3C3C3C&#8220; box_shadow_style_category_filter_item=&#8220;preset1&#8243; global_colors_info=&#8220;{%22gcid-93b403b1-bc5c-4f23-9467-5aff44995d1c%22:%91%22category_item_bg_color%22,%22header_text_color%22,%22addtocart_bg_color%22,%22viewcart_bg_color%22,%22quick_view_popup_box_title_text_color%22,%22quickviewbtn_bg_color%22,%22quickviewpopuparrow_bg_color%22%93,%22gcid-2961fbe4-84bd-42a1-ab14-0fea04ca3ffc%22:%91%22quickviewpopupbox_arrow_color%22%93}&#8220; theme_builder_area=&#8220;post_content&#8220; show_product_filter=&#8220;off&#8220; sticky_enabled=&#8220;0&#8243;][\/dnwoo_filter_masonry][\/et_pb_column][\/et_pb_row][\/et_pb_section]<\/p>","protected":false},"excerpt":{"rendered":"<p>Neuigkeiten, Preissenkungen und vieles mehr.Gerade gibt es keine Neuigkeiten.Es erwartet Sie in Zukunft interessantes und informatives. Schnallen Sie sich an!Aktuelle Preissenkungen.Wir planen momentan keine wiederkehrenden Veranstaltungen mit Preissenkungen. Je nach Lagerbestand von Ersatzteilen und eventuellen R\u00fcckl\u00e4ufern von Vitrinen k\u00f6nnen Sie hier unregelm\u00e4\u00dfig reduzierte Produkte finden. Wenn keine Produkte angezeigt werden, dann sin aktuell keine Preissenkungen [&hellip;]<\/p>","protected":false},"author":1,"featured_media":0,"parent":0,"menu_order":0,"comment_status":"closed","ping_status":"closed","template":"","meta":{"_et_pb_use_builder":"on","_et_pb_old_content":"","_et_gb_content_width":"","footnotes":""},"class_list":["post-4324","page","type-page","status-publish","hentry"],"jetpack_sharing_enabled":true,"_links":{"self":[{"href":"https:\/\/shop.dolchvitrine.de\/en\/wp-json\/wp\/v2\/pages\/4324","targetHints":{"allow":["GET"]}}],"collection":[{"href":"https:\/\/shop.dolchvitrine.de\/en\/wp-json\/wp\/v2\/pages"}],"about":[{"href":"https:\/\/shop.dolchvitrine.de\/en\/wp-json\/wp\/v2\/types\/page"}],"author":[{"embeddable":true,"href":"https:\/\/shop.dolchvitrine.de\/en\/wp-json\/wp\/v2\/users\/1"}],"replies":[{"embeddable":true,"href":"https:\/\/shop.dolchvitrine.de\/en\/wp-json\/wp\/v2\/comments?post=4324"}],"version-history":[{"count":5,"href":"https:\/\/shop.dolchvitrine.de\/en\/wp-json\/wp\/v2\/pages\/4324\/revisions"}],"predecessor-version":[{"id":5052,"href":"https:\/\/shop.dolchvitrine.de\/en\/wp-json\/wp\/v2\/pages\/4324\/revisions\/5052"}],"wp:attachment":[{"href":"https:\/\/shop.dolchvitrine.de\/en\/wp-json\/wp\/v2\/media?parent=4324"}],"curies":[{"name":"wp","href":"https:\/\/api.w.org\/{rel}","templated":true}]}}