{"id":4294,"date":"2023-05-27T10:43:37","date_gmt":"2023-05-27T09:43:37","guid":{"rendered":"http:\/\/shop.dolchvitrine.de\/?page_id=4294"},"modified":"2023-09-10T12:37:58","modified_gmt":"2023-09-10T11:37:58","slug":"sammelvitrinen","status":"publish","type":"page","link":"https:\/\/shop.dolchvitrine.de\/en\/vitrinen\/sammelvitrinen\/","title":{"rendered":"Collectible Showcases"},"content":{"rendered":"<p>[et_pb_section fb_built=&#8220;1&#8243; fullwidth=&#8220;on&#8220; _builder_version=&#8220;4.20.2&#8243; _module_preset=&#8220;default&#8220; custom_margin_tablet=&#8220;&#8220; custom_margin_phone=&#8220;0px||0px||true|false&#8220; custom_margin_last_edited=&#8220;on|phone&#8220; custom_padding=&#8220;0px||0px||true|false&#8220; global_colors_info=&#8220;{}&#8220;][et_pb_fullwidth_header title=&#8220;Sammelvitrinen&#8220; title_tablet=&#8220;D\u00fcrfen wir vorstellen &#8211; Dolchvitrine.de&#8220; title_phone=&#8220;Dolchvitrine.de&#8220; title_last_edited=&#8220;on|phone&#8220; _builder_version=&#8220;4.21.0&#8243; _module_preset=&#8220;default&#8220; title_font=&#8220;|800|||||||&#8220; content_font_size=&#8220;16px&#8220; background_color=&#8220;gcid-93b403b1-bc5c-4f23-9467-5aff44995d1c&#8220; custom_margin_phone=&#8220;0px||0px||true|false&#8220; custom_margin_last_edited=&#8220;off|tablet&#8220; custom_padding=&#8220;50px||50px||true|false&#8220; custom_padding_tablet=&#8220;20px||20px||true|false&#8220; custom_padding_phone=&#8220;0px||0px||true|false&#8220; custom_padding_last_edited=&#8220;on|desktop&#8220; custom_css_button_1=&#8220;display: none !important;&#8220; box_shadow_style=&#8220;preset6&#8243; global_colors_info=&#8220;{%22gcid-93b403b1-bc5c-4f23-9467-5aff44995d1c%22:%91%22background_color%22%93}&#8220; custom_css_button_1_last_edited=&#8220;off|phone&#8220; custom_css_button_1_tablet=&#8220;display: none !important;||&#8220;]<\/p>\n<p><span>Optisch ansprechende und sichere Aufbewahrungsl\u00f6sungen f\u00fcr Ihre Sammelst\u00fccke.<\/span><\/p>\n<p>[\/et_pb_fullwidth_header][\/et_pb_section][et_pb_section fb_built=&#8220;1&#8243; _builder_version=&#8220;4.21.0&#8243; _module_preset=&#8220;default&#8220; global_colors_info=&#8220;{}&#8220;][et_pb_row _builder_version=&#8220;4.22.1&#8243; _module_preset=&#8220;default&#8220; global_colors_info=&#8220;{}&#8220;][et_pb_column type=&#8220;4_4&#8243; _builder_version=&#8220;4.22.1&#8243; _module_preset=&#8220;default&#8220; global_colors_info=&#8220;{}&#8220;][dnwoo_ajax_search number_of_results=&#8220;999&#8243; thumbnail_size=&#8220;medium&#8220; search_in=&#8220;on|on|on|on|on|off|on|off&#8220; display_fields=&#8220;on|off|on|on|on|off|off&#8220; number_of_columns=&#8220;3&#8243; show_category_section=&#8220;on&#8220; include_categories=&#8220;188&#8243; field_text_color=&#8220;gcid-ba784003-5481-4167-a6df-6eace2943042&#8243; search_icon_size=&#8220;20px&#8220; search_icon_color=&#8220;gcid-ba784003-5481-4167-a6df-6eace2943042&#8243; loader_icon_size=&#8220;20px&#8220; loader_icon_color=&#8220;gcid-2961fbe4-84bd-42a1-ab14-0fea04ca3ffc&#8220; selected_category_color=&#8220;gcid-ba784003-5481-4167-a6df-6eace2943042&#8243; search_field_bg_color=&#8220;gcid-93b403b1-bc5c-4f23-9467-5aff44995d1c&#8220; category_bg_color=&#8220;gcid-93b403b1-bc5c-4f23-9467-5aff44995d1c&#8220; _builder_version=&#8220;4.22.1&#8243; _module_preset=&#8220;default&#8220; search_field_font=&#8220;|700|||||||&#8220; search_field_letter_spacing=&#8220;1px&#8220; selected_category_font=&#8220;|700|||||||&#8220; hover_enabled=&#8220;0&#8243; custom_css_main_element=&#8220;.dnwoo_ajax_search_wrapper_inner{||  height||}&#8220; border_radii_search_field=&#8220;off|||15px|&#8220; border_radii_feature_image=&#8220;on|15px|15px|15px|15px&#8220; border_radii_selected_category=&#8220;off|15px|||&#8220; global_colors_info=&#8220;{%22gcid-93b403b1-bc5c-4f23-9467-5aff44995d1c%22:%91%22search_field_bg_color%22,%22category_bg_color%22%93,%22gcid-ba784003-5481-4167-a6df-6eace2943042%22:%91%22field_text_color%22,%22selected_category_color%22,%22search_icon_color%22%93,%22gcid-2961fbe4-84bd-42a1-ab14-0fea04ca3ffc%22:%91%22loader_icon_color%22%93}&#8220; theme_builder_area=&#8220;post_content&#8220; sticky_enabled=&#8220;0&#8243;][\/dnwoo_ajax_search][dnwoo_filter_masonry type=&#8220;best_selling&#8220; hide_out_of_stock=&#8220;off&#8220; dnwoo_badge_outofstock=&#8220;Vergriffen&#8220; include_categories=&#8220;188&#8243; products_number=&#8220;-1&#8243; dnwoo_category_all_text=&#8220;Alle Produkte&#8220; dnwoo_show_add_to_cart_text=&#8220;Warenkorb&#8220; dnwoo_select_options_text=&#8220;Variation&#8220; show_quickview_button=&#8220;on&#8220; quickviewpopupbox_arrow_color=&#8220;gcid-2961fbe4-84bd-42a1-ab14-0fea04ca3ffc&#8220; dnwoo_badge_featured=&#8220;Neu&#8220; dnwoo_badge_sale=&#8220;Angebot&#8220; dnwoo_columns=&#8220;3&#8243; filter_active_color=&#8220;#F8F8F8&#8243; filter_item_separator_color=&#8220;RGBA(255,255,255,0)&#8220; filter_item_dot_color=&#8220;RGBA(255,255,255,0)&#8220; category_bg_color=&#8220;RGBA(255,255,255,0)&#8220; category_item_bg_color=&#8220;gcid-93b403b1-bc5c-4f23-9467-5aff44995d1c&#8220; addtocart_bg_color=&#8220;gcid-93b403b1-bc5c-4f23-9467-5aff44995d1c&#8220; viewcart_bg_color=&#8220;gcid-93b403b1-bc5c-4f23-9467-5aff44995d1c&#8220; quickview_bg_color=&#8220;#FF8C00&#8243; quickviewbtn_bg_color=&#8220;gcid-93b403b1-bc5c-4f23-9467-5aff44995d1c&#8220; quickviewpopuparrow_bg_color=&#8220;gcid-93b403b1-bc5c-4f23-9467-5aff44995d1c&#8220; _builder_version=&#8220;4.22.1&#8243; _module_preset=&#8220;default&#8220; header_text_color=&#8220;gcid-93b403b1-bc5c-4f23-9467-5aff44995d1c&#8220; product_cats_font=&#8220;|600|||||||&#8220; product_cats_text_align=&#8220;left&#8220; regular_price_font=&#8220;|600|||||||&#8220; add_to_card_font=&#8220;|600|||||||&#8220; quickview_font=&#8220;|600|||||||&#8220; quick_view_popup_box_title_text_color=&#8220;gcid-93b403b1-bc5c-4f23-9467-5aff44995d1c&#8220; custom_css_main_element=&#8220;.sku_wrapper{||  display: block;||}||.posted_in{||  display: block;||}||.tagged_as{||  display: none;||}||.input-text.qty.text{||  background: #1c1c1c;||\tcolor: #ff8c00 !important;||  border-radius: 5px;||}||.single_add_to_cart_button.button.alt{||    color: white;||    border-radius: 50px;||    background: #ff8c00;||    font-weight: bold;||}||.single_add_to_cart_button.button.alt:hover{||    color: white;||    border-radius: 50px;||    background: #ff8c00;||    font-weight: bold;||}&#8220; border_radii_image_border=&#8220;on|15px|15px|15px|15px&#8220; border_radii_addtocart=&#8220;off|15px|||15px&#8220; border_radii_viewcart=&#8220;off|15px|||15px&#8220; border_radii_quickview=&#8220;off||15px|15px|&#8220; border_radii_quickview_popup_arrow=&#8220;on|15px|15px|15px|15px&#8220; border_radii_category_filter_item=&#8220;on|15px|15px|15px|15px&#8220; border_width_all_category_filter_item=&#8220;2px&#8220; border_color_all_category_filter_item=&#8220;#3C3C3C&#8220; box_shadow_style_category_filter_item=&#8220;preset1&#8243; global_colors_info=&#8220;{%22gcid-93b403b1-bc5c-4f23-9467-5aff44995d1c%22:%91%22category_item_bg_color%22,%22header_text_color%22,%22addtocart_bg_color%22,%22viewcart_bg_color%22,%22quick_view_popup_box_title_text_color%22,%22quickviewbtn_bg_color%22,%22quickviewpopuparrow_bg_color%22%93,%22gcid-2961fbe4-84bd-42a1-ab14-0fea04ca3ffc%22:%91%22quickviewpopupbox_arrow_color%22%93}&#8220;][\/dnwoo_filter_masonry][\/et_pb_column][\/et_pb_row][\/et_pb_section]<\/p>","protected":false},"excerpt":{"rendered":"<p>Optisch ansprechende und sichere Aufbewahrungsl\u00f6sungen f\u00fcr Ihre Sammelst\u00fccke.<div class=\"et_pb_module dnwoo_ajax_search dnwoo_ajax_search_0\">\n\t\t\t\t\n\t\t\t\t\n\t\t\t\t\n\t\t\t\t\n\t\t\t\t\n\t\t\t\t\n\t\t\t\t<div class=\"et_pb_module_inner\">\n\t\t\t\t\t<div class=\"dnwoo_ajax_search_form dnwoo_ajax_search_form_layoutone\">\r\n                <form method=\"post\" class=\"dnwoo_ajax_search_form_customone\" data-searchin=\"title|content|excerpt|product_categories|product_tags|attributes\" data-display=\"title|thumbnail|product_price|on_sale\" data-orderby=\"post_date\" data-order=\"DESC\" data-searchlimit=\"999\" data-category-status=\"on\" data-category-ids=\"188\" data-current-category=\"off\" data-search-container-class=\"dnwoo_ajax_search_masonry_layoutone\" data-no-result-text=\"No results found\" data-thumbnail-size=\"medium\" data-link-target=\"_self\" data-search-button=\"\" action=\"\">\r\n                    <span class=\"dnwoo_ajax_search_nonce\">\r\n                        <input type=\"hidden\" id=\"dnwoo_ajax_search_nonce_field\" name=\"dnwoo_ajax_search_nonce_field\" value=\"790450e454\" \/><input type=\"hidden\" name=\"_wp_http_referer\" value=\"\/en\/wp-json\/wp\/v2\/pages\/4294\" \/>\r\n                    <\/span>\r\n                    <div class=\"dnwoo_ajax_category_search_field\">\r\n                        <div class=\"dnwoo_ajax_search_form_option_category\"><select name=\"dnwoo_ajax_product_cats\" id=\"dnwoo_ajax_product_cats\" class=\"dnwoo_ajax_search_option dnwoo_ajax_search_option_frontend\"><option value=\"all\">All Categories<\/option><option value=\"188\">Sammelvitrine<\/option><\/select><\/div>\r\n                        <div\r\n                            class=\"dnwoo_ajax_search_form_searcharea\"\r\n                        >\r\n                            <input\r\n                            type=\"search\"\r\n                            class=\"dnwoo_ajax_search_formsearch\"\r\n                            placeholder=\"Search\"\r\n                            spellcheck=\"false\"\r\n                            \/>\r\n                            <span class=\"dnwoo_ajax_search_icon_right dnwoo_ajax_search_icon_inside_input\"><\/span>\r\n                            <div class=\"dnwoo_ajax_search_loader_layout_one\"><\/div>\r\n                        <\/div>\r\n                    <\/div>\r\n                    \r\n                <input type=\"hidden\" name=\"trp-form-language\" value=\"en\"\/><\/form>\r\n                <div class=\"dnwoo_ajax_search_wrapper woocommerce\"><\/div>\r\n            <\/div>\n\t\t\t\t<\/div>\n\t\t\t<\/div><div class=\"et_pb_module dnwoo_filter_masonry dnwoo_filter_masonry_0\">\n\t\t\t\t\n\t\t\t\t\n\t\t\t\t\n\t\t\t\t\n\t\t\t\t\n\t\t\t\t\n\t\t\t\t<div class=\"et_pb_module_inner\">\n\t\t\t\t\t<div class=\"dnwoo_product_filter_container dnwoo_show_filter_menu_default\">\r\n                \r\n            <ul class=\"dnwoo_product_filter_menu\">\r\n                <li class=\"active\" data-filter=\"*\"><span>&#8220;Alle<\/span><\/li>\r\n                \r\n            <\/ul>\r\n            \r\n                <div class=\"dnwoo_product_filter_wrap\">\r\n                    <div class=\"grid-sizer\"><\/div>\r\n                    <div class=\"gutter-sizer\"><\/div>\r\n                    \r\n                <\/div>\r\n            <\/div>\n\t\t\t\t<\/div>\n\t\t\t<\/div><\/p>","protected":false},"author":1,"featured_media":0,"parent":3497,"menu_order":0,"comment_status":"closed","ping_status":"closed","template":"","meta":{"_et_pb_use_builder":"on","_et_pb_old_content":"","_et_gb_content_width":"","footnotes":""},"class_list":["post-4294","page","type-page","status-publish","hentry"],"jetpack_sharing_enabled":true,"_links":{"self":[{"href":"https:\/\/shop.dolchvitrine.de\/en\/wp-json\/wp\/v2\/pages\/4294","targetHints":{"allow":["GET"]}}],"collection":[{"href":"https:\/\/shop.dolchvitrine.de\/en\/wp-json\/wp\/v2\/pages"}],"about":[{"href":"https:\/\/shop.dolchvitrine.de\/en\/wp-json\/wp\/v2\/types\/page"}],"author":[{"embeddable":true,"href":"https:\/\/shop.dolchvitrine.de\/en\/wp-json\/wp\/v2\/users\/1"}],"replies":[{"embeddable":true,"href":"https:\/\/shop.dolchvitrine.de\/en\/wp-json\/wp\/v2\/comments?post=4294"}],"version-history":[{"count":7,"href":"https:\/\/shop.dolchvitrine.de\/en\/wp-json\/wp\/v2\/pages\/4294\/revisions"}],"predecessor-version":[{"id":5060,"href":"https:\/\/shop.dolchvitrine.de\/en\/wp-json\/wp\/v2\/pages\/4294\/revisions\/5060"}],"up":[{"embeddable":true,"href":"https:\/\/shop.dolchvitrine.de\/en\/wp-json\/wp\/v2\/pages\/3497"}],"wp:attachment":[{"href":"https:\/\/shop.dolchvitrine.de\/en\/wp-json\/wp\/v2\/media?parent=4294"}],"curies":[{"name":"wp","href":"https:\/\/api.w.org\/{rel}","templated":true}]}}