{"id":18,"date":"2021-02-08T09:32:04","date_gmt":"2021-02-08T08:32:04","guid":{"rendered":"http:\/\/shop.dolchvitrine.de\/impressum\/"},"modified":"2023-09-10T15:54:55","modified_gmt":"2023-09-10T14:54:55","slug":"impressum","status":"publish","type":"page","link":"https:\/\/shop.dolchvitrine.de\/en\/impressum\/","title":{"rendered":"Imprint"},"content":{"rendered":"<p>[et_pb_section fb_built=&#8220;1&#8243; admin_label=&#8220;section&#8220; _builder_version=&#8220;4.16&#8243; custom_padding=&#8220;||50px|||&#8220; global_colors_info=&#8220;{}&#8220;][et_pb_row _builder_version=&#8220;4.16&#8243; _module_preset=&#8220;default&#8220; global_colors_info=&#8220;{}&#8220;][et_pb_column type=&#8220;4_4&#8243; _builder_version=&#8220;4.16&#8243; _module_preset=&#8220;default&#8220; global_colors_info=&#8220;{}&#8220;][et_pb_text content_tablet=&#8220;<\/p>\n<h1><strong>Imprint<\/strong><\/h1>\n<p>&#8220; content_phone=&#8220;<\/p>\n<h1><strong>Imprint<\/strong><\/h1>\n<p>&#8220; content_last_edited=&#8220;on|phone&#8220; _builder_version=&#8220;4.16&#8243; _module_preset=&#8220;default&#8220; global_colors_info=&#8220;{}&#8220;]<\/p>\n<h1 style=\"text-align: left;\"><strong>Imprint<\/strong><\/h1>\n<p>[\/et_pb_text][\/et_pb_column][\/et_pb_row][et_pb_row _builder_version=&#8220;4.16&#8243; _module_preset=&#8220;default&#8220; custom_padding=&#8220;0px|||||&#8220; global_colors_info=&#8220;{}&#8220;][et_pb_column type=&#8220;4_4&#8243; _builder_version=&#8220;4.16&#8243; _module_preset=&#8220;default&#8220; global_colors_info=&#8220;{}&#8220;][et_pb_text _builder_version=&#8220;4.16&#8243; _module_preset=&#8220;_initial&#8220; custom_margin=&#8220;10px||0px||false|false&#8220; global_colors_info=&#8220;{}&#8220;]<\/p>\n<p><strong>Betreiber<\/strong><\/p>\n<p>[\/et_pb_text][et_pb_text _builder_version=&#8220;4.16&#8243; _module_preset=&#8220;default&#8220; custom_margin=&#8220;||0px||false|false&#8220; global_colors_info=&#8220;{}&#8220;]<\/p>\n<p>Walter Beschriftungen und Verlag<\/p>\n<p>[\/et_pb_text][et_pb_text _builder_version=&#8220;4.16&#8243; _module_preset=&#8220;_initial&#8220; custom_margin=&#8220;10px||0px||false|false&#8220; global_colors_info=&#8220;{}&#8220;]<\/p>\n<p><strong>Inhaber<\/strong><\/p>\n<p>[\/et_pb_text][et_pb_text _builder_version=&#8220;4.16&#8243; _module_preset=&#8220;default&#8220; custom_margin=&#8220;0px||0px||false|false&#8220; global_colors_info=&#8220;{}&#8220;]<\/p>\n<p><span>Oliver Walter<\/span><\/p>\n<p>[\/et_pb_text][et_pb_text _builder_version=&#8220;4.16&#8243; _module_preset=&#8220;_initial&#8220; custom_margin=&#8220;10px||0px||false|false&#8220; global_colors_info=&#8220;{}&#8220;]<\/p>\n<p><strong>Anschrift<\/strong><\/p>\n<p>[\/et_pb_text][et_pb_text _builder_version=&#8220;4.16&#8243; _module_preset=&#8220;default&#8220; custom_margin=&#8220;||0px||false|false&#8220; global_colors_info=&#8220;{}&#8220;]<\/p>\n<p>Krakeloh 16<br \/>59757 Arnsberg<br \/>Nordrhein-Westfalen<br \/>Deutschland<\/p>\n<p>[\/et_pb_text][et_pb_text _builder_version=&#8220;4.16&#8243; _module_preset=&#8220;_initial&#8220; custom_margin=&#8220;10px||0px||false|false&#8220; global_colors_info=&#8220;{}&#8220;]<\/p>\n<p><strong>Produkte<\/strong><\/p>\n<p>[\/et_pb_text][et_pb_text _builder_version=&#8220;4.16&#8243; _module_preset=&#8220;default&#8220; custom_margin=&#8220;0px||0px||false|false&#8220; global_colors_info=&#8220;{}&#8220;]<\/p>\n<p>Die Dolchvitrine<\/p>\n<p>[\/et_pb_text][et_pb_text _builder_version=&#8220;4.16&#8243; _module_preset=&#8220;_initial&#8220; custom_margin=&#8220;10px||0px||false|false&#8220; global_colors_info=&#8220;{}&#8220;]<\/p>\n<p><strong>Umsatzsteuer-Identifikationsnummer gem. \u00a7\u00a027a UStG<\/strong><\/p>\n<p>[\/et_pb_text][et_pb_text _builder_version=&#8220;4.16&#8243; _module_preset=&#8220;default&#8220; custom_margin=&#8220;0px||0px||false|false&#8220; global_colors_info=&#8220;{}&#8220;]<\/p>\n<p>DE 228691804<\/p>\n<p>[\/et_pb_text][et_pb_text _builder_version=&#8220;4.16&#8243; _module_preset=&#8220;_initial&#8220; custom_margin=&#8220;10px||0px||false|false&#8220; global_colors_info=&#8220;{}&#8220;]<\/p>\n<p><strong>Mitglied der HWK S\u00fcdwestfalen<\/strong><\/p>\n<p>[\/et_pb_text][et_pb_text _builder_version=&#8220;4.16&#8243; _module_preset=&#8220;default&#8220; custom_margin=&#8220;0px||0px||false|false&#8220; global_colors_info=&#8220;{}&#8220;]<\/p>\n<p>8050827<\/p>\n<p>[\/et_pb_text][et_pb_text _builder_version=&#8220;4.16&#8243; _module_preset=&#8220;_initial&#8220; custom_margin=&#8220;10px||0px||false|false&#8220; global_colors_info=&#8220;{}&#8220;]<\/p>\n<p><strong>Inhaltlich verantwortlicher gem\u00e4\u00df \u00a76 MDStV u. Verantwortlicher i.S.d. Presserechts<\/strong><\/p>\n<p>[\/et_pb_text][et_pb_text _builder_version=&#8220;4.16&#8243; _module_preset=&#8220;default&#8220; custom_margin=&#8220;0px||0px||false|false&#8220; global_colors_info=&#8220;{}&#8220;]<\/p>\n<p>Oliver Walter<\/p>\n<p>[\/et_pb_text][\/et_pb_column][\/et_pb_row][et_pb_row _builder_version=&#8220;4.16&#8243; _module_preset=&#8220;default&#8220; global_colors_info=&#8220;{}&#8220;][et_pb_column type=&#8220;4_4&#8243; _builder_version=&#8220;4.16&#8243; _module_preset=&#8220;default&#8220; global_colors_info=&#8220;{}&#8220;][et_pb_text _builder_version=&#8220;4.16&#8243; _module_preset=&#8220;default&#8220; min_height=&#8220;1px&#8220; custom_margin=&#8220;||0px||false|false&#8220; global_colors_info=&#8220;{}&#8220;]<\/p>\n<h3><strong>Contact<\/strong><\/h3>\n<p>[\/et_pb_text][et_pb_text _builder_version=&#8220;4.16&#8243; _module_preset=&#8220;_initial&#8220; custom_margin=&#8220;10px||0px||false|false&#8220; global_colors_info=&#8220;{}&#8220;]<\/p>\n<p><strong>Telefonnummer<\/strong><\/p>\n<p>[\/et_pb_text][et_pb_text _builder_version=&#8220;4.21.0&#8243; _module_preset=&#8220;default&#8220; custom_margin=&#8220;0px||0px||false|false&#8220; global_colors_info=&#8220;{}&#8220;]<\/p>\n<p><span>Bitte vereinbaren Sie einen Termin unter &#8222;<a href=\"http:\/\/shop.dolchvitrine.de\/en\/kontakt\/\">Contact<\/a>&#8222;<\/span><span>.<\/span><\/p>\n<p>[\/et_pb_text][et_pb_text _builder_version=&#8220;4.16&#8243; _module_preset=&#8220;_initial&#8220; custom_margin=&#8220;10px||0px||false|false&#8220; global_colors_info=&#8220;{}&#8220;]<\/p>\n<p><strong>E-Mail-Adresse<\/strong><\/p>\n<p>[\/et_pb_text][et_pb_text _builder_version=&#8220;4.16&#8243; _module_preset=&#8220;default&#8220; custom_margin=&#8220;0px||0px||false|false&#8220; global_colors_info=&#8220;{}&#8220;]<\/p>\n<p>info[at]dolchvitrine.de<\/p>\n<p>[\/et_pb_text][et_pb_text _builder_version=&#8220;4.16&#8243; _module_preset=&#8220;_initial&#8220; custom_margin=&#8220;10px||0px||false|false&#8220; global_colors_info=&#8220;{}&#8220;]<\/p>\n<p><strong>Homepage<\/strong><\/p>\n<p>[\/et_pb_text][et_pb_text _builder_version=&#8220;4.21.0&#8243; _module_preset=&#8220;default&#8220; custom_margin=&#8220;0px||0px||false|false&#8220; global_colors_info=&#8220;{}&#8220;]<\/p>\n<p><a href=\"http:\/\/www.dolchvitrine.de\">www.dolchvitrine.de<\/a><br \/><a href=\"https:\/\/shop.dolchvitrine.de\/en\/\">www.shop.dolchvitrine.de<\/a>\u00a0<br \/><a href=\"http:\/\/www.dolchvitrine.com\">www.dolchvitrine.com<\/a><br \/><a href=\"http:\/\/www.dolchvitrine.net\">www.dolchvitrine.net<\/a><br \/><a href=\"http:\/\/www.sammel-vitrine.com\">www.sammel-vitrine.com<\/a><br \/><a href=\"http:\/\/www.sammel-vitrine.de\">www.sammel-vitrine.de<\/a><br \/><a href=\"http:\/\/www.sammler-vitrine.com\">www.sammler-vitrine.com<\/a><\/p>\n<p>[\/et_pb_text][\/et_pb_column][\/et_pb_row][et_pb_row _builder_version=&#8220;4.16&#8243; _module_preset=&#8220;default&#8220; global_colors_info=&#8220;{}&#8220;][et_pb_column type=&#8220;4_4&#8243; _builder_version=&#8220;4.16&#8243; _module_preset=&#8220;default&#8220; global_colors_info=&#8220;{}&#8220;][et_pb_text _builder_version=&#8220;4.16&#8243; _module_preset=&#8220;default&#8220; min_height=&#8220;1px&#8220; custom_margin=&#8220;||0px||false|false&#8220; global_colors_info=&#8220;{}&#8220;]<\/p>\n<h3><strong>Belehrungen und Hinweise<\/strong><\/h3>\n<p>[\/et_pb_text][et_pb_text _builder_version=&#8220;4.16&#8243; _module_preset=&#8220;_initial&#8220; custom_margin=&#8220;10px||0px||false|false&#8220; global_colors_info=&#8220;{}&#8220;]<\/p>\n<p><strong>Belehrung Aktualit\u00e4t, Richtigkeit und Vollst\u00e4ndigkeit<\/strong><\/p>\n<p>[\/et_pb_text][et_pb_text _builder_version=&#8220;4.16&#8243; _module_preset=&#8220;default&#8220; custom_margin=&#8220;0px||0px||false|false&#8220; global_colors_info=&#8220;{}&#8220;]<\/p>\n<p><span>Walter Beschriftungen &amp; Verlag pr\u00fcft und aktualisiert die Informationen auf diesen Webseiten regelm\u00e4\u00dfig. Trotz aller Sorgfalt k\u00f6nnen sich die Daten inzwischen ver\u00e4ndert haben. Eine Haftung oder Garantie f\u00fcr die Aktualit\u00e4t, Richtigkeit oder Vollst\u00e4ndigkeit der zur Verf\u00fcgung gestellten Informationenkann daher nicht \u00fcbernommen werden. Vorstehendes gilt auch f\u00fcr alle anderen Websites, auf die mittels Hyperlink verwiesen wird. Walter Werbung ist f\u00fcr den Inhalt der Websites, die aufgrund einer solchen Verbindung erreicht werden, nicht verantwortlich. Des Weiteren beh\u00e4lt sich Walter Beschriftungen &amp; Verlag das Recht vor, \u00c4nderungen oder Erg\u00e4nzungen der bereitgestellten Informationen vorzunehmen. Die auf den Seiten enthaltenen Abbildungen, bzw. Texte unterliegen den Rechten der Firma Walter Beschriftungen &amp; Verlag und d\u00fcrfen nicht ohne schriftliche Erlaubnis weiterverwendet werden. Dies gilt auch f\u00fcr die Verwendung in elektronischen Medien.<\/span><\/p>\n<p>[\/et_pb_text][et_pb_text _builder_version=&#8220;4.16&#8243; _module_preset=&#8220;_initial&#8220; custom_margin=&#8220;10px||0px||false|false&#8220; global_colors_info=&#8220;{}&#8220;]<\/p>\n<p><strong>Hinweis zum Urheber- und Kennzeichenrecht, Streitigkeiten bei Domain-, markenrechtlichen- oder Wettbewerbsverst\u00f6\u00dfen<\/strong><\/p>\n<p>[\/et_pb_text][et_pb_text _builder_version=&#8220;4.16&#8243; _module_preset=&#8220;default&#8220; custom_margin=&#8220;0px||0px||false|false&#8220; global_colors_info=&#8220;{}&#8220;]<\/p>\n<p><span>Alle innerhalb unseres Internetangebots genannten und gegebenenfalls durch Dritte gesch\u00fctzte Marken und Warenzeichen unterliegen uneingeschr\u00e4nkt den Bestimmungen des jeweils g\u00fcltigen Kennzeichenrechts und den Besitzrechten der jeweiligen eingetragenen Eigent\u00fcmer. Allein aufgrund der blo\u00dfen Nennung kann nicht der Schluss gezogen werden, dass Markenzeichen nicht durch Rechte Dritter gesch\u00fctzt sind. Ihre Nennung dient lediglich der eindeutigen Identifikation und Zuordnung der verschiedenen Produkte.<\/span><\/p>\n<p><span>Im Falle von Domain-, markenrechtlichen oder Wettbewerbsstreitigkeiten, bitten wir Sie, zur Vermeidung unn\u00f6tiger Rechtsstreite und Kosten, uns bereits im Vorfeld zu kontaktieren. Die Kostennote einer anwaltlichen Abmahnung ohne vorhergehende Kontaktaufnahme mit uns, wird im Sinne der Schadensminderungspflicht als unbegr\u00fcndet zur\u00fcckgewiesen.<\/span><\/p>\n<p><span>Online-Beilegung verbraucherrechtlicher Streitigkeiten:\u00a0<a href=\"http:\/\/ec.europa.eu\/consumers\/odr\/\" target=\"_blank\" rel=\"noopener noreferrer\"><u>http:\/\/ec.europa.eu\/consumers\/odr\/<\/u><\/a><\/span><\/p>\n<p>[\/et_pb_text][et_pb_text _builder_version=&#8220;4.16&#8243; _module_preset=&#8220;_initial&#8220; custom_margin=&#8220;10px||0px||false|false&#8220; global_colors_info=&#8220;{}&#8220;]<\/p>\n<p><strong>Rechtsbelehrung und rechtliche Eintr\u00e4ge<\/strong><\/p>\n<p>[\/et_pb_text][et_pb_text _builder_version=&#8220;4.21.0&#8243; _module_preset=&#8220;default&#8220; custom_margin=&#8220;0px||0px||false|false&#8220; global_colors_info=&#8220;{}&#8220;]<a href=\"http:\/\/shop.dolchvitrine.de\/en\/agb\/\">Allgemeine Gesch\u00e4ftsbedingungen<\/a><br \/>\n<a href=\"http:\/\/shop.dolchvitrine.de\/en\/datenschutzerklaerung\/\">Data protection<\/a><br \/>\n<a href=\"http:\/\/shop.dolchvitrine.de\/en\/widerrufsbelehrung\/\">Right of withdrawal<\/a><br \/>\n<a href=\"http:\/\/shop.dolchvitrine.de\/en\/impressum\/\">Imprint<\/a>[\/et_pb_text][\/et_pb_column][\/et_pb_row][et_pb_row _builder_version=&#8220;4.16&#8243; _module_preset=&#8220;default&#8220; global_colors_info=&#8220;{}&#8220;][et_pb_column type=&#8220;4_4&#8243; _builder_version=&#8220;4.16&#8243; _module_preset=&#8220;default&#8220; global_colors_info=&#8220;{}&#8220;][et_pb_text _builder_version=&#8220;4.16&#8243; _module_preset=&#8220;default&#8220; min_height=&#8220;1px&#8220; custom_margin=&#8220;||0px||false|false&#8220; global_colors_info=&#8220;{}&#8220;]<\/p>\n<h3><strong>Weitere Informationen<\/strong><\/h3>\n<p>[\/et_pb_text][et_pb_text _builder_version=&#8220;4.16&#8243; _module_preset=&#8220;_initial&#8220; custom_margin=&#8220;10px||0px||false|false&#8220; global_colors_info=&#8220;{}&#8220;]<\/p>\n<p><strong>Zugeh\u00f6rigkeit und Eintragungen<\/strong><\/p>\n<p>[\/et_pb_text][et_pb_text _builder_version=&#8220;4.16&#8243; _module_preset=&#8220;default&#8220; custom_margin=&#8220;0px||0px||false|false&#8220; global_colors_info=&#8220;{}&#8220;]<\/p>\n<p><span>Wir sind ein eingetragener Betrieb bei der IHK S\u00fcdwestfalen und der Handwerkskammer S\u00fcdwestfalen.<\/span><\/p>\n<p>[\/et_pb_text][et_pb_text _builder_version=&#8220;4.16&#8243; _module_preset=&#8220;_initial&#8220; custom_margin=&#8220;10px||0px||false|false&#8220; global_colors_info=&#8220;{}&#8220;]<\/p>\n<p><strong>Urheberrecht<\/strong><\/p>\n<p>[\/et_pb_text][et_pb_text _builder_version=&#8220;4.21.0&#8243; _module_preset=&#8220;default&#8220; custom_margin=&#8220;0px||0px||false|false&#8220; global_colors_info=&#8220;{}&#8220;]<span id=\"dateContainer\"><\/span> Walter Beschriftungen und Verlag \u2022 59757 Arnsberg \/ Westfalen. Die Idee und das Produkt &#8222;Dolchvitrine&#8220; ist gesetzlich gesch\u00fctzt und Eigentum der Firma Walter Beschriftungen und Verlag.[\/et_pb_text][et_pb_code _builder_version=&#8220;4.21.0&#8243; _module_preset=&#8220;default&#8220; global_colors_info=&#8220;{}&#8220;]<script><!-- [et_pb_line_break_holder] -->    document.addEventListener(\"DOMContentLoaded\", function() {<!-- [et_pb_line_break_holder] -->        const date = new Date();<!-- [et_pb_line_break_holder] -->        let month = date.getMonth() + 1;<!-- [et_pb_line_break_holder] -->        let year = date.getFullYear();<!-- [et_pb_line_break_holder] -->        let textDate = '05\/2023!';<!-- [et_pb_line_break_holder] -->        <!-- [et_pb_line_break_holder] -->        if(month == 1) {<!-- [et_pb_line_break_holder] -->        month = 12;<!-- [et_pb_line_break_holder] -->        }<!-- [et_pb_line_break_holder] -->        else {<!-- [et_pb_line_break_holder] -->        month = month - 1;<!-- [et_pb_line_break_holder] -->        }<!-- [et_pb_line_break_holder] -->        <!-- [et_pb_line_break_holder] -->        if(month < 10) {<!-- [et_pb_line_break_holder] -->        textDate = 'Copyright Stand 0';<!-- [et_pb_line_break_holder] -->        }<!-- [et_pb_line_break_holder] -->        else {<!-- [et_pb_line_break_holder] -->        textDate = 'Copyright Stand';<!-- [et_pb_line_break_holder] -->        }<!-- [et_pb_line_break_holder] -->      <!-- [et_pb_line_break_holder] -->        document.getElementById(\"dateContainer\").innerHTML = textDate + month + '\/' + year;<!-- [et_pb_line_break_holder] -->    });<!-- [et_pb_line_break_holder] --><\/script>[\/et_pb_code][\/et_pb_column][\/et_pb_row][\/et_pb_section][et_pb_section fb_built=&#8220;1&#8243; _builder_version=&#8220;4.16&#8243; _module_preset=&#8220;default&#8220; custom_padding=&#8220;0px|||||&#8220; global_colors_info=&#8220;{}&#8220;][et_pb_row column_structure=&#8220;1_3,1_3,1_3&#8243; _builder_version=&#8220;4.16&#8243; _module_preset=&#8220;default&#8220; custom_padding=&#8220;0px||0px|||&#8220; global_colors_info=&#8220;{}&#8220;][et_pb_column type=&#8220;1_3&#8243; _builder_version=&#8220;4.16&#8243; _module_preset=&#8220;default&#8220; global_colors_info=&#8220;{}&#8220;][\/et_pb_column][et_pb_column type=&#8220;1_3&#8243; _builder_version=&#8220;4.16&#8243; _module_preset=&#8220;default&#8220; global_colors_info=&#8220;{}&#8220;][\/et_pb_column][et_pb_column type=&#8220;1_3&#8243; _builder_version=&#8220;4.16&#8243; _module_preset=&#8220;default&#8220; global_colors_info=&#8220;{}&#8220;][et_pb_image src=&#8220;http:\/\/shop.dolchvitrine.de\/wp-content\/uploads\/Bilder\/Logo\/HWK_Logo_2021.png&#8220; title_text=&#8220;HWK_Logo_2021&#8243; _builder_version=&#8220;4.16&#8243; _module_preset=&#8220;default&#8220; global_colors_info=&#8220;{}&#8220;][\/et_pb_image][\/et_pb_column][\/et_pb_row][\/et_pb_section]<\/p>","protected":false},"excerpt":{"rendered":"<p>ImpressumBetreiberWalter Beschriftungen und VerlagInhaberOliver WalterAnschriftKrakeloh 1659757 ArnsbergNordrhein-WestfalenDeutschlandProdukteDie DolchvitrineUmsatzsteuer-Identifikationsnummer gem. \u00a7\u00a027a UStGDE 228691804Mitglied der HWK S\u00fcdwestfalen8050827Inhaltlich verantwortlicher gem\u00e4\u00df \u00a76 MDStV u. Verantwortlicher i.S.d. PresserechtsOliver WalterKontaktTelefonnummerBitte vereinbaren Sie einen Termin unter &#8222;Kontakt&#8220;.E-Mail-Adresseinfo[at]dolchvitrine.deHomepagewww.dolchvitrine.dewww.shop.dolchvitrine.de\u00a0www.dolchvitrine.comwww.dolchvitrine.netwww.sammel-vitrine.comwww.sammel-vitrine.dewww.sammler-vitrine.comBelehrungen und HinweiseBelehrung Aktualit\u00e4t, Richtigkeit und Vollst\u00e4ndigkeitWalter Beschriftungen &amp; Verlag pr\u00fcft und aktualisiert die Informationen auf diesen Webseiten regelm\u00e4\u00dfig. Trotz aller Sorgfalt k\u00f6nnen sich die Daten [&hellip;]<\/p>","protected":false},"author":1,"featured_media":0,"parent":0,"menu_order":0,"comment_status":"closed","ping_status":"closed","template":"","meta":{"_et_pb_use_builder":"on","_et_pb_old_content":"[gzd_complaints]","_et_gb_content_width":"","footnotes":""},"class_list":["post-18","page","type-page","status-publish","hentry"],"jetpack_sharing_enabled":true,"_links":{"self":[{"href":"https:\/\/shop.dolchvitrine.de\/en\/wp-json\/wp\/v2\/pages\/18","targetHints":{"allow":["GET"]}}],"collection":[{"href":"https:\/\/shop.dolchvitrine.de\/en\/wp-json\/wp\/v2\/pages"}],"about":[{"href":"https:\/\/shop.dolchvitrine.de\/en\/wp-json\/wp\/v2\/types\/page"}],"author":[{"embeddable":true,"href":"https:\/\/shop.dolchvitrine.de\/en\/wp-json\/wp\/v2\/users\/1"}],"replies":[{"embeddable":true,"href":"https:\/\/shop.dolchvitrine.de\/en\/wp-json\/wp\/v2\/comments?post=18"}],"version-history":[{"count":25,"href":"https:\/\/shop.dolchvitrine.de\/en\/wp-json\/wp\/v2\/pages\/18\/revisions"}],"predecessor-version":[{"id":5398,"href":"https:\/\/shop.dolchvitrine.de\/en\/wp-json\/wp\/v2\/pages\/18\/revisions\/5398"}],"wp:attachment":[{"href":"https:\/\/shop.dolchvitrine.de\/en\/wp-json\/wp\/v2\/media?parent=18"}],"curies":[{"name":"wp","href":"https:\/\/api.w.org\/{rel}","templated":true}]}}